{"id":836,"date":"2022-02-15T06:50:45","date_gmt":"2022-02-15T06:50:45","guid":{"rendered":"https:\/\/comunagolesti-vrancea.ro\/?page_id=836"},"modified":"2022-04-04T07:05:46","modified_gmt":"2022-04-04T07:05:46","slug":"informatii-de-interes-public","status":"publish","type":"page","link":"https:\/\/comunagolesti-vrancea.ro\/?page_id=836","title":{"rendered":"Informatii de interes public"},"content":{"rendered":"\t\t<div data-elementor-type=\"wp-page\" data-elementor-id=\"836\" class=\"elementor elementor-836\" data-elementor-settings=\"[]\">\n\t\t\t\t\t\t\t<div class=\"elementor-section-wrap\">\n\t\t\t\t\t\t\t<section class=\"elementor-section elementor-top-section elementor-element elementor-element-a79c547 elementor-section-boxed elementor-section-height-default elementor-section-height-default\" data-id=\"a79c547\" data-element_type=\"section\">\n\t\t\t\t\t\t<div class=\"elementor-container elementor-column-gap-default\">\n\t\t\t\t\t<div class=\"elementor-column elementor-col-100 elementor-top-column elementor-element elementor-element-ba506b5\" data-id=\"ba506b5\" data-element_type=\"column\">\n\t\t\t<div class=\"elementor-widget-wrap elementor-element-populated\">\n\t\t\t\t\t\t\t\t<div class=\"elementor-element elementor-element-13e0081 elementor-widget elementor-widget-text-editor\" data-id=\"13e0081\" data-element_type=\"widget\" data-widget_type=\"text-editor.default\">\n\t\t\t\t<div class=\"elementor-widget-container\">\n\t\t\t<style>\/*! elementor - v3.5.6 - 28-02-2022 *\/\n.elementor-widget-text-editor.elementor-drop-cap-view-stacked .elementor-drop-cap{background-color:#818a91;color:#fff}.elementor-widget-text-editor.elementor-drop-cap-view-framed .elementor-drop-cap{color:#818a91;border:3px solid;background-color:transparent}.elementor-widget-text-editor:not(.elementor-drop-cap-view-default) .elementor-drop-cap{margin-top:8px}.elementor-widget-text-editor:not(.elementor-drop-cap-view-default) .elementor-drop-cap-letter{width:1em;height:1em}.elementor-widget-text-editor .elementor-drop-cap{float:left;text-align:center;line-height:1;font-size:50px}.elementor-widget-text-editor .elementor-drop-cap-letter{display:inline-block}<\/style>\t\t\t\t<p>In conformitate cu legile: <a href=\"https:\/\/legislatie.just.ro\/Public\/DetaliiDocumentAfis\/31413\">Legea Nr.544\/2001<\/a> privind liberul acces la informatiile de interes public si <a href=\"http:\/\/control.gov.ro\/web\/wp-content\/uploads\/2020\/02\/LEGE-109.pdf\">Legea nr. 109\/2007 (actualizata)<\/a> privind reutilizarea informa\u0163iilor din institu\u0163iile publice puteti solicita Primariei Comunei Golesti Documente produse de catre noi folosind formularul de mai jos.<\/p>\t\t\t\t\t\t<\/div>\n\t\t\t\t<\/div>\n\t\t\t\t<section class=\"elementor-section elementor-inner-section elementor-element elementor-element-697a705 elementor-section-boxed elementor-section-height-default elementor-section-height-default\" data-id=\"697a705\" data-element_type=\"section\">\n\t\t\t\t\t\t<div class=\"elementor-container elementor-column-gap-default\">\n\t\t\t\t\t<div class=\"elementor-column elementor-col-100 elementor-inner-column elementor-element elementor-element-92bfe06\" data-id=\"92bfe06\" data-element_type=\"column\">\n\t\t\t<div class=\"elementor-widget-wrap elementor-element-populated\">\n\t\t\t\t\t\t\t\t<div class=\"elementor-element elementor-element-2874751 elementor-widget elementor-widget-text-editor\" data-id=\"2874751\" data-element_type=\"widget\" data-widget_type=\"text-editor.default\">\n\t\t\t\t<div class=\"elementor-widget-container\">\n\t\t\t\t\t\t\t<p>Daca doriti sa faceti cererea de documente pe alta cale\u00a0 o puteti face catre:<\/p><p><strong>Inspector principal Primaria Comunei Golesti Calciu Daniela<\/strong><br \/><strong>Adresa: Comuna Gole\u0219ti,Str. Cote\u0219ti Nr. 2 COD 627150<\/strong><br \/><strong>Tel: 0237212989, 0337401638<\/strong><br \/><strong>Email: office@comunagolesti-vrancea.ro<\/strong><\/p>\t\t\t\t\t\t<\/div>\n\t\t\t\t<\/div>\n\t\t\t\t<div class=\"elementor-element elementor-element-1c12919 elementor-button-align-stretch elementor-widget elementor-widget-form\" data-id=\"1c12919\" data-element_type=\"widget\" data-settings=\"{&quot;step_next_label&quot;:&quot;Next&quot;,&quot;step_previous_label&quot;:&quot;Previous&quot;,&quot;button_width&quot;:&quot;100&quot;,&quot;step_type&quot;:&quot;number_text&quot;,&quot;step_icon_shape&quot;:&quot;circle&quot;}\" data-widget_type=\"form.default\">\n\t\t\t\t<div class=\"elementor-widget-container\">\n\t\t\t\t\t<form class=\"elementor-form\" method=\"post\" name=\"New Form\">\n\t\t\t<input type=\"hidden\" name=\"post_id\" value=\"836\"\/>\n\t\t\t<input type=\"hidden\" name=\"form_id\" value=\"1c12919\"\/>\n\n\t\t\t\n\t\t\t<div class=\"elementor-form-fields-wrapper elementor-labels-\">\n\t\t\t\t\t\t\t\t<div class=\"elementor-field-type-text elementor-field-group elementor-column elementor-field-group-name elementor-col-100 elementor-field-required\">\n\t\t\t\t\t<label for=\"form-field-name\" class=\"elementor-field-label elementor-screen-only\">Nume<\/label><input size=\"1\" type=\"text\" name=\"form_fields[name]\" id=\"form-field-name\" class=\"elementor-field elementor-size-sm  elementor-field-textual\" placeholder=\"Nume\" required=\"required\" aria-required=\"true\">\t\t\t\t<\/div>\n\t\t\t\t\t\t\t\t<div class=\"elementor-field-type-text elementor-field-group elementor-column elementor-field-group-field_c4157f0 elementor-col-100 elementor-field-required\">\n\t\t\t\t\t<label for=\"form-field-field_c4157f0\" class=\"elementor-field-label elementor-screen-only\">Prenume<\/label><input size=\"1\" type=\"text\" name=\"form_fields[field_c4157f0]\" id=\"form-field-field_c4157f0\" class=\"elementor-field elementor-size-sm  elementor-field-textual\" placeholder=\"Prenume\" required=\"required\" aria-required=\"true\">\t\t\t\t<\/div>\n\t\t\t\t\t\t\t\t<div class=\"elementor-field-type-text elementor-field-group elementor-column elementor-field-group-field_be27f59 elementor-col-100 elementor-field-required\">\n\t\t\t\t\t<label for=\"form-field-field_be27f59\" class=\"elementor-field-label elementor-screen-only\">Adresa<\/label><input size=\"1\" type=\"text\" name=\"form_fields[field_be27f59]\" id=\"form-field-field_be27f59\" class=\"elementor-field elementor-size-sm  elementor-field-textual\" placeholder=\"Adresa\" required=\"required\" aria-required=\"true\">\t\t\t\t<\/div>\n\t\t\t\t\t\t\t\t<div class=\"elementor-field-type-text elementor-field-group elementor-column elementor-field-group-field_4d12a26 elementor-col-100 elementor-field-required\">\n\t\t\t\t\t<label for=\"form-field-field_4d12a26\" class=\"elementor-field-label elementor-screen-only\">Localitate<\/label><input size=\"1\" type=\"text\" name=\"form_fields[field_4d12a26]\" id=\"form-field-field_4d12a26\" class=\"elementor-field elementor-size-sm  elementor-field-textual\" placeholder=\"Localitate\" required=\"required\" aria-required=\"true\">\t\t\t\t<\/div>\n\t\t\t\t\t\t\t\t<div class=\"elementor-field-type-text elementor-field-group elementor-column elementor-field-group-field_6c608d3 elementor-col-100 elementor-field-required\">\n\t\t\t\t\t<label for=\"form-field-field_6c608d3\" class=\"elementor-field-label elementor-screen-only\">Judet<\/label><input size=\"1\" type=\"text\" name=\"form_fields[field_6c608d3]\" id=\"form-field-field_6c608d3\" class=\"elementor-field elementor-size-sm  elementor-field-textual\" placeholder=\"Judet\" required=\"required\" aria-required=\"true\">\t\t\t\t<\/div>\n\t\t\t\t\t\t\t\t<div class=\"elementor-field-type-text elementor-field-group elementor-column elementor-field-group-field_16eaa46 elementor-col-100 elementor-field-required\">\n\t\t\t\t\t<label for=\"form-field-field_16eaa46\" class=\"elementor-field-label elementor-screen-only\">Cod postal<\/label><input size=\"1\" type=\"text\" name=\"form_fields[field_16eaa46]\" id=\"form-field-field_16eaa46\" class=\"elementor-field elementor-size-sm  elementor-field-textual\" placeholder=\"Cod postal\" required=\"required\" aria-required=\"true\">\t\t\t\t<\/div>\n\t\t\t\t\t\t\t\t<div class=\"elementor-field-type-email elementor-field-group elementor-column elementor-field-group-email elementor-col-100 elementor-field-required\">\n\t\t\t\t\t<label for=\"form-field-email\" class=\"elementor-field-label elementor-screen-only\">Email<\/label><input size=\"1\" type=\"email\" name=\"form_fields[email]\" id=\"form-field-email\" class=\"elementor-field elementor-size-sm  elementor-field-textual\" placeholder=\"Email\" required=\"required\" aria-required=\"true\">\t\t\t\t<\/div>\n\t\t\t\t\t\t\t\t<div class=\"elementor-field-type-textarea elementor-field-group elementor-column elementor-field-group-message elementor-col-100\">\n\t\t\t\t\t<label for=\"form-field-message\" class=\"elementor-field-label elementor-screen-only\">Cerere<\/label><textarea class=\"elementor-field-textual elementor-field  elementor-size-sm\" name=\"form_fields[message]\" id=\"form-field-message\" rows=\"4\" placeholder=\"Aici scrieti ce anume solicitati\"><\/textarea>\t\t\t\t<\/div>\n\t\t\t\t\t\t\t\t<div class=\"elementor-field-group elementor-column elementor-field-type-submit elementor-col-100 e-form__buttons\">\n\t\t\t\t\t<button type=\"submit\" class=\"elementor-button elementor-size-sm\">\n\t\t\t\t\t\t<span >\n\t\t\t\t\t\t\t\t\t\t\t\t\t\t\t<span class=\" elementor-button-icon\">\n\t\t\t\t\t\t\t\t\t\t\t\t\t\t\t\t\t\t\t\t\t\t\t\t\t\t<\/span>\n\t\t\t\t\t\t\t\t\t\t\t\t\t\t\t\t\t\t\t\t\t\t<span class=\"elementor-button-text\">Trimite solicitarea<\/span>\n\t\t\t\t\t\t\t\t\t\t\t\t\t<\/span>\n\t\t\t\t\t<\/button>\n\t\t\t\t<\/div>\n\t\t\t<\/div>\n\t\t<\/form>\n\t\t\t\t<\/div>\n\t\t\t\t<\/div>\n\t\t\t\t\t<\/div>\n\t\t<\/div>\n\t\t\t\t\t\t\t<\/div>\n\t\t<\/section>\n\t\t\t\t<div class=\"elementor-element elementor-element-922bf51 elementor-hidden-desktop elementor-hidden-tablet elementor-hidden-mobile elementor-widget elementor-widget-heading\" data-id=\"922bf51\" data-element_type=\"widget\" data-widget_type=\"heading.default\">\n\t\t\t\t<div class=\"elementor-widget-container\">\n\t\t\t<style>\/*! elementor - v3.5.6 - 28-02-2022 *\/\n.elementor-heading-title{padding:0;margin:0;line-height:1}.elementor-widget-heading .elementor-heading-title[class*=elementor-size-]>a{color:inherit;font-size:inherit;line-height:inherit}.elementor-widget-heading .elementor-heading-title.elementor-size-small{font-size:15px}.elementor-widget-heading .elementor-heading-title.elementor-size-medium{font-size:19px}.elementor-widget-heading .elementor-heading-title.elementor-size-large{font-size:29px}.elementor-widget-heading .elementor-heading-title.elementor-size-xl{font-size:39px}.elementor-widget-heading .elementor-heading-title.elementor-size-xxl{font-size:59px}<\/style><h2 class=\"elementor-heading-title elementor-size-default\">Consilieri ai Comunei Golesti<\/h2>\t\t<\/div>\n\t\t\t\t<\/div>\n\t\t\t\t<div class=\"elementor-element elementor-element-8ea5bb0 elementor-hidden-desktop elementor-hidden-tablet elementor-hidden-mobile elementor-widget elementor-widget-oew-search\" data-id=\"8ea5bb0\" data-element_type=\"widget\" data-widget_type=\"oew-search.default\">\n\t\t\t\t<div class=\"elementor-widget-container\">\n\t\t\t\r\n\t\t<div class=\"oew-search-wrap\" data-ajaxurl=\"https:\/\/comunagolesti-vrancea.ro\/wp-admin\/admin-ajax.php\">\r\n\t\t\t<form method=\"get\" class=\"oceanwp-searchform oew-ajax-search\" id=\"searchform\" action=\"https:\/\/comunagolesti-vrancea.ro\/\">\r\n\t\t\t\t<input type=\"text\" class=\"field\" name=\"s\" id=\"s\" placeholder=\"Cauta Declaratii de avere si interese ale Consilierilor Comunei Golesti\">\r\n\t\t\t\t<button type=\"submit\" class=\"search-submit\" value=\"\"><i class=\" icon-magnifier\" aria-hidden=\"true\" role=\"img\"><\/i><\/button>\r\n\t\t\t\t\t\t\t\t\t<input type=\"hidden\" name=\"post_type\" value=\"angajat\">\r\n\t\t\t\t\t\t\t<\/form>\r\n\t\t\t\t\t\t\t<div class=\"oew-ajax-loading\"><\/div>\r\n\t\t\t\t<div class=\"oew-search-results\"><\/div>\r\n\t\t\t\t\t<\/div>\r\n\r\n\t\t\t<\/div>\n\t\t\t\t<\/div>\n\t\t\t\t<div class=\"elementor-element elementor-element-89b501f elementor-hidden-desktop elementor-hidden-tablet elementor-hidden-mobile elementor-widget elementor-widget-heading\" data-id=\"89b501f\" data-element_type=\"widget\" data-widget_type=\"heading.default\">\n\t\t\t\t<div class=\"elementor-widget-container\">\n\t\t\t<h2 class=\"elementor-heading-title elementor-size-default\">Functionari Publici<\/h2>\t\t<\/div>\n\t\t\t\t<\/div>\n\t\t\t\t<div class=\"elementor-element elementor-element-571fd95 elementor-hidden-desktop elementor-hidden-tablet elementor-hidden-mobile elementor-widget elementor-widget-oew-search\" data-id=\"571fd95\" data-element_type=\"widget\" data-widget_type=\"oew-search.default\">\n\t\t\t\t<div class=\"elementor-widget-container\">\n\t\t\t\r\n\t\t<div class=\"oew-search-wrap\" data-ajaxurl=\"https:\/\/comunagolesti-vrancea.ro\/wp-admin\/admin-ajax.php\">\r\n\t\t\t<form method=\"get\" class=\"oceanwp-searchform oew-ajax-search\" id=\"searchform\" action=\"https:\/\/comunagolesti-vrancea.ro\/\">\r\n\t\t\t\t<input type=\"text\" class=\"field\" name=\"s\" id=\"s\" placeholder=\"Cauta Declaratii de avere si interese ale Functionarilor Publici\">\r\n\t\t\t\t<button type=\"submit\" class=\"search-submit\" value=\"\"><i class=\" icon-magnifier\" aria-hidden=\"true\" role=\"img\"><\/i><\/button>\r\n\t\t\t\t\t\t\t\t\t<input type=\"hidden\" name=\"post_type\" value=\"angajat\">\r\n\t\t\t\t\t\t\t<\/form>\r\n\t\t\t\t\t\t\t<div class=\"oew-ajax-loading\"><\/div>\r\n\t\t\t\t<div class=\"oew-search-results\"><\/div>\r\n\t\t\t\t\t<\/div>\r\n\r\n\t\t\t<\/div>\n\t\t\t\t<\/div>\n\t\t\t\t<div class=\"elementor-element elementor-element-3946a55 elementor-widget elementor-widget-accordion\" data-id=\"3946a55\" data-element_type=\"widget\" data-widget_type=\"accordion.default\">\n\t\t\t\t<div class=\"elementor-widget-container\">\n\t\t\t<style>\/*! elementor - v3.5.6 - 28-02-2022 *\/\n.elementor-accordion{text-align:left}.elementor-accordion .elementor-accordion-item{border:1px solid #d4d4d4}.elementor-accordion .elementor-accordion-item+.elementor-accordion-item{border-top:none}.elementor-accordion .elementor-tab-title{margin:0;padding:15px 20px;font-weight:700;line-height:1;cursor:pointer;outline:none}.elementor-accordion .elementor-tab-title .elementor-accordion-icon{display:inline-block;width:1.5em}.elementor-accordion .elementor-tab-title .elementor-accordion-icon svg{width:1em;height:1em}.elementor-accordion .elementor-tab-title .elementor-accordion-icon.elementor-accordion-icon-right{float:right;text-align:right}.elementor-accordion .elementor-tab-title .elementor-accordion-icon.elementor-accordion-icon-left{float:left;text-align:left}.elementor-accordion .elementor-tab-title .elementor-accordion-icon .elementor-accordion-icon-closed{display:block}.elementor-accordion .elementor-tab-title .elementor-accordion-icon .elementor-accordion-icon-opened,.elementor-accordion .elementor-tab-title.elementor-active .elementor-accordion-icon-closed{display:none}.elementor-accordion .elementor-tab-title.elementor-active .elementor-accordion-icon-opened{display:block}.elementor-accordion .elementor-tab-content{display:none;padding:15px 20px;border-top:1px solid #d4d4d4}@media (max-width:767px){.elementor-accordion .elementor-tab-title{padding:12px 15px}.elementor-accordion .elementor-tab-title .elementor-accordion-icon{width:1.2em}.elementor-accordion .elementor-tab-content{padding:7px 15px}}<\/style>\t\t<div class=\"elementor-accordion\" role=\"tablist\">\n\t\t\t\t\t\t\t<div class=\"elementor-accordion-item\">\n\t\t\t\t\t<div id=\"elementor-tab-title-6001\" class=\"elementor-tab-title\" data-tab=\"1\" role=\"tab\" aria-controls=\"elementor-tab-content-6001\" aria-expanded=\"false\">\n\t\t\t\t\t\t\t\t\t\t\t\t\t<span class=\"elementor-accordion-icon elementor-accordion-icon-left\" aria-hidden=\"true\">\n\t\t\t\t\t\t\t\t\t\t\t\t\t\t\t<span class=\"elementor-accordion-icon-closed\"><i class=\"fas fa-plus\"><\/i><\/span>\n\t\t\t\t\t\t\t\t<span class=\"elementor-accordion-icon-opened\"><i class=\"fas fa-minus\"><\/i><\/span>\n\t\t\t\t\t\t\t\t\t\t\t\t\t\t<\/span>\n\t\t\t\t\t\t\t\t\t\t\t\t<a class=\"elementor-accordion-title\" href=\"\">Documentele produse si\/sau gestionate de  Prim\u0103ria Comunei Gole\u0219ti, jude\u021bul Vrancea care  constituie informatii de interes public<\/a>\n\t\t\t\t\t<\/div>\n\t\t\t\t\t<div id=\"elementor-tab-content-6001\" class=\"elementor-tab-content elementor-clearfix\" data-tab=\"1\" role=\"tabpanel\" aria-labelledby=\"elementor-tab-title-6001\"><p>1. Hotararile cu caracter normativ emise de Consiliul Local Gole\u0219ti si actele pregatitoare<br \/>2. Dispozitiile cu caracter normativ emise de primarul Comunei Gole\u0219ti si actele pregatitoare<br \/>3. Corespondenta cu autoritatile administratiei publice locale<br \/>4. Corespondenta cu Institutia Prefectului \u2013 Judetul Vrancea<br \/>5. Corespondenta cu institutiile publice deconcentrate ale ministerelor in teritoriu<br \/>6. Corespondenta cu autoritati, organisme sau institutii din alte tari<br \/>7. Procese-verbale, informari, avize ale comisiilor de specialitate<br \/>8. Darea de seama contabila trimestriala<br \/>9. PUG, PUZ, PUD avizate de Consiliul Local Gole\u0219ti;<br \/>10. Autorizatii de construire si documente pregatitoare<br \/>11. Inventarul bunurilor care apartin domeniului public al comunei Gole\u0219ti;<br \/>12. Declaratii de avere ale salariatilor aparatului propriu si consilierilor locali<br \/>13. Declaratii de interese ale salariatilor aparatului propriu si consilierilor locali<br \/>14. Lucrari referitoare la procesele civile si de contencios<br \/>15. Lucrari privind asistenta tehnica si juridica acordata la cerere primarilor, viceprimarilor si consilierilor locali<br \/>16. Lucrari privind coordonarea actiunilor de interes local<br \/>17. Contracte de prestari servicii sau executie lucrari incheiate cu persoane fizice sau juridice<br \/>18. Planul anual de achizitii publice Documente privind achizitii publice<br \/>19. Rapoarte privind stadiul implementarii de catre Comuna Gole\u0219ti a diverselor proiecte cofinantate din fondurile comunitare sau ale altor institutii finantatoare externe<br \/>20. Studii, prognoze, programe<\/p><\/div>\n\t\t\t\t<\/div>\n\t\t\t\t\t\t\t<div class=\"elementor-accordion-item\">\n\t\t\t\t\t<div id=\"elementor-tab-title-6002\" class=\"elementor-tab-title\" data-tab=\"2\" role=\"tab\" aria-controls=\"elementor-tab-content-6002\" aria-expanded=\"false\">\n\t\t\t\t\t\t\t\t\t\t\t\t\t<span class=\"elementor-accordion-icon elementor-accordion-icon-left\" aria-hidden=\"true\">\n\t\t\t\t\t\t\t\t\t\t\t\t\t\t\t<span class=\"elementor-accordion-icon-closed\"><i class=\"fas fa-plus\"><\/i><\/span>\n\t\t\t\t\t\t\t\t<span class=\"elementor-accordion-icon-opened\"><i class=\"fas fa-minus\"><\/i><\/span>\n\t\t\t\t\t\t\t\t\t\t\t\t\t\t<\/span>\n\t\t\t\t\t\t\t\t\t\t\t\t<a class=\"elementor-accordion-title\" href=\"\">Lista documentelor si informatiilor de interes public<\/a>\n\t\t\t\t\t<\/div>\n\t\t\t\t\t<div id=\"elementor-tab-content-6002\" class=\"elementor-tab-content elementor-clearfix\" data-tab=\"2\" role=\"tabpanel\" aria-labelledby=\"elementor-tab-title-6002\"><p>1. Hotararile cu caracter normativ emise de Consiliul Local si actele pregatitoare<br \/>2. Dispozitiile cu caracter normativ emise de primarul Comunei si actele pregatitoare<br \/>3. Regulamentul de organizare si functionare a Consiliului Local<br \/>4. Regulamentul de organizare si functionare a aparatului propriu de specialitate al primarului comunei<br \/>5. Bugetul de venituri si cheltuieli aprobat in baza prevederilor legii anuale de aprobare a bugetului de stat<br \/>6. Contul anual de executie bugetara<br \/>7. Strategii, programe, prognoze privind dezvoltarea economico-sociala a comunei<br \/>8. Documente si informatii privind incheierea si indeplinirea prevederilor inscrise in parteneriatele de prietenie si colaborare incheiate cu autoritati ale administratiei publice din strainatate, organizatii neguvernamentale si alti parteneri sociali<br \/>9. Documente privind organizarea si derularea actiunilor prilejuite de evenimente deosebite din viata si istoria poporului roman, de aniversare a unor personalitati sau cu ocazia vizitelor efectuate in comun\u0103 de delegatii din tara si strainatate<br \/>10. Documente privind incheierea de protocoale de colaborare si asociere cu consiliile locale, cu institutiile publice judetene si cu agenti economici din tara<br \/>11. Documente privind manifestarile cultural-artistice organizate<br \/>12. Inventarul bunurilor aflate in domeniul public si privat al comunei<br \/>13. Informari privind stadiul realizarii investitiilor proprii<br \/>14. Centralizarea si evaluarea pagubelor produse de calamitati<br \/>15. Planul anual de achizitii publice<br \/>16. Documentatiile pentru organizarea procedurilor de achizitii publice<br \/>17. Rezultatul procedurilor pentru achizitii de bunuri, servicii si lucrari<br \/>18. Harti cuprinzand planuri urbanistice<br \/>19. Incadrarea drumurilor din comun\u0103<br \/>20. Documente privind starea drumurilor comunale<br \/>21. Rapoarte anuale de activitate ale primarului , viceprimarului si consilierilor locali<br \/>22. Procese-verbale ale sedintelor Consiliului Local<br \/>23. Programe de lucrari pe surse de finantare<br \/>24. Documente si informatii utilizate la elaborarea P.U.G. dupa aprobarea acestuia<br \/>25. Documente privind concursurile organizate de Comuna<br \/>26. Declaratii de avere, de interese pentru functionarii publici si pentru consilierii locali<\/p><\/div>\n\t\t\t\t<\/div>\n\t\t\t\t\t\t\t<div class=\"elementor-accordion-item\">\n\t\t\t\t\t<div id=\"elementor-tab-title-6003\" class=\"elementor-tab-title\" data-tab=\"3\" role=\"tab\" aria-controls=\"elementor-tab-content-6003\" aria-expanded=\"false\">\n\t\t\t\t\t\t\t\t\t\t\t\t\t<span class=\"elementor-accordion-icon elementor-accordion-icon-left\" aria-hidden=\"true\">\n\t\t\t\t\t\t\t\t\t\t\t\t\t\t\t<span class=\"elementor-accordion-icon-closed\"><i class=\"fas fa-plus\"><\/i><\/span>\n\t\t\t\t\t\t\t\t<span class=\"elementor-accordion-icon-opened\"><i class=\"fas fa-minus\"><\/i><\/span>\n\t\t\t\t\t\t\t\t\t\t\t\t\t\t<\/span>\n\t\t\t\t\t\t\t\t\t\t\t\t<a class=\"elementor-accordion-title\" href=\"\">Legislatia aferenta Informatiilor de interes public<\/a>\n\t\t\t\t\t<\/div>\n\t\t\t\t\t<div id=\"elementor-tab-content-6003\" class=\"elementor-tab-content elementor-clearfix\" data-tab=\"3\" role=\"tabpanel\" aria-labelledby=\"elementor-tab-title-6003\"><p><a href=\"http:\/\/legislatie.just.ro\/Public\/DetaliiDocument\/31413\">Legea nr. 544 din 12 octombrie 2001 privind liberul acces la informa\u021biile de interes public<\/a><\/p><p><a href=\"http:\/\/legislatie.just.ro\/Public\/DetaliiDocument\/34416\">Hot\u0103r\u00e2rea nr. 123 din 7 februarie 2002pentru aprobarea Normelor metodologice de aplicare a Legii nr. 544\/2001 privind liberul acces la informa\u021biile de interes public<\/a><\/p><p><a href=\"http:\/\/legislatie.just.ro\/Public\/DetaliiDocument\/81689\">Legea nr. 109 din 25 aprilie 2007 (actualizat\u0103) privind reutilizarea informa\u0163iilor din institu\u0163iile publice<\/a><\/p><p><a href=\"https:\/\/gov.ro\/fisiere\/stiri_fisiere\/Memorandum_MCPDC.pdf\">Memorandumul cu tema: Cre\u0219terea transparen\u021bei \u0219i standardizarea afi\u0219\u0103rii informa\u021biilor de interes public. Anexa.<\/a><\/p><p><a href=\"http:\/\/www.idr.ro\/principii_ce_rezulta_din_jurisprudenta_cedo_in_cauzele_privind_neexecutarea_hotararilor_judecatoresti_pronuntate_impotriva_unui_debitor_public.pdf\">Principii ce rezult\u0103 din jurispruden\u021ba CEDO \u00een cauzele privind neexecutarea hot\u0103r\u00e2rilor judec\u0103tore\u0219ti pronun\u021bate \u00eempotriva unui debitor publicLegea nr. 544\/2001 privind liberul acces la informatii de interes public<\/a><\/p><p><a href=\"https:\/\/legislatie.just.ro\/Public\/DetaliiDocument\/34416\">HG Nr. 123\/2002 pentru aprobarea Normelor metodologice de aplicare a Legii nr. 544\/2001 privind liberul acces la informatiile de interes public<\/a><\/p><p><a href=\"https:\/\/legislatie.just.ro\/Public\/DetaliiDocument\/81689\">LEGE nr. 109 din 25 aprilie 2007 (*actualizat\u0103*) privind reutilizarea informa\u0163iilor din institu\u0163iile publice<\/a><\/p><\/div>\n\t\t\t\t<\/div>\n\t\t\t\t\t\t\t\t<\/div>\n\t\t\t\t<\/div>\n\t\t\t\t<\/div>\n\t\t\t\t\t<\/div>\n\t\t<\/div>\n\t\t\t\t\t\t\t<\/div>\n\t\t<\/section>\n\t\t\t\t\t\t<\/div>\n\t\t\t\t\t<\/div>\n\t\t","protected":false},"excerpt":{"rendered":"<p>In conformitate cu legile: Legea Nr.544\/2001 privind liberul acces la informatiile de interes public si Legea nr. 109\/2007 (actualizata) privind reutilizarea informa\u0163iilor din institu\u0163iile publice puteti solicita Primariei Comunei Golesti Documente produse de catre noi folosind formularul de mai jos. Daca doriti sa faceti cererea de documente pe alta cale\u00a0 o puteti face catre: Inspector [&hellip;]<\/p>\n","protected":false},"author":1,"featured_media":0,"parent":0,"menu_order":0,"comment_status":"closed","ping_status":"closed","template":"","meta":[],"_links":{"self":[{"href":"https:\/\/comunagolesti-vrancea.ro\/index.php?rest_route=\/wp\/v2\/pages\/836"}],"collection":[{"href":"https:\/\/comunagolesti-vrancea.ro\/index.php?rest_route=\/wp\/v2\/pages"}],"about":[{"href":"https:\/\/comunagolesti-vrancea.ro\/index.php?rest_route=\/wp\/v2\/types\/page"}],"author":[{"embeddable":true,"href":"https:\/\/comunagolesti-vrancea.ro\/index.php?rest_route=\/wp\/v2\/users\/1"}],"replies":[{"embeddable":true,"href":"https:\/\/comunagolesti-vrancea.ro\/index.php?rest_route=%2Fwp%2Fv2%2Fcomments&post=836"}],"version-history":[{"count":94,"href":"https:\/\/comunagolesti-vrancea.ro\/index.php?rest_route=\/wp\/v2\/pages\/836\/revisions"}],"predecessor-version":[{"id":1267,"href":"https:\/\/comunagolesti-vrancea.ro\/index.php?rest_route=\/wp\/v2\/pages\/836\/revisions\/1267"}],"wp:attachment":[{"href":"https:\/\/comunagolesti-vrancea.ro\/index.php?rest_route=%2Fwp%2Fv2%2Fmedia&parent=836"}],"curies":[{"name":"wp","href":"https:\/\/api.w.org\/{rel}","templated":true}]}}